{"id":202,"date":"2022-03-01T14:02:17","date_gmt":"2022-03-01T11:02:17","guid":{"rendered":"https:\/\/adna.bio.metu.edu.tr\/?page_id=202"},"modified":"2023-06-09T14:59:25","modified_gmt":"2023-06-09T11:59:25","slug":"yayinlarimiz","status":"publish","type":"page","link":"http:\/\/adna.bio.metu.edu.tr\/en\/yayinlarimiz\/","title":{"rendered":"publications"},"content":{"rendered":"\n<p style=\"font-size:16px\"><strong>Publications by group members on archaeogenomics and&nbsp;population genetics<\/strong>:<\/p>\n\n\n\n<p class=\"has-text-align-left\" style=\"font-size:16px\">[PREPRINT] <a rel=\"noopener\" title=\"\" href=\"https:\/\/doi.org\/10.1101\/2023.06.05.543765\" target=\"_blank\"><strong>The first complete genome of the extinct European wild ass (Equus hemionus hydruntinus)<\/strong><\/a><span style=\"font-size: small\"><span style=\"font-size: small\"><\/span><\/span><br>Mustafa \u00d6zkan, Kanat G\u00fcr\u00fcn, Eren Y\u00fcnc\u00fc, K\u0131v\u0131lc\u0131m Ba\u015fak Vural, G\u00f6zde Ata\u011f, Ali Akbaba, Fatma Rabia Fidan, Ekin Sa\u011fl\u0131can, N. Ezgi Alt\u0131n\u0131\u015f\u0131k, Dilek Koptekin, Kamilla Paw\u0142owska, Ian Hodder, Sarah E. Adcock, Benjamin S. Arbuckle, Sharon R. Steadman, Gregory McMahon, Y\u0131lmaz Selim Erdal, Cemal Can Bilgin, Eva-Maria Geigl, Anders G\u00f6therstr\u00f6m, Thierry Grange, F\u00fcsun \u00d6zer, Mehmet Somel (2023) bioRxiv 2023.06.05.543765<\/p>\n\n\n\n<p class=\"has-text-align-left\" style=\"font-size:16px\">[PREPRINT] <a href=\"https:\/\/www.biorxiv.org\/content\/10.1101\/2022.10.03.510579v1\"><strong>aMeta: an accurate and memory-efficient ancient Metagenomic profiling workflow<\/strong><\/a><span style=\"font-size: small\"><span style=\"font-size: small\"><\/span><\/span><br>Zo\u00e9\u00a0Pochon, Nora Bergfeldt, Emrah K\u0131rd\u00f6k, M\u00e1rio Vicente, Thijessen Naidoo, Tom van der Valk, N. Ezgi Alt\u0131n\u0131\u015f\u0131k, Maja Krzewi\u0144ska, Love Dalen, Anders G\u00f6therstr\u00f6m, Claudio Mirabello, Per Unneberg, Nikolay Oskolkov (2022) bioRxiv 2022.10.03.510579<\/p>\n\n\n\n<p class=\"has-text-align-left\" style=\"font-size:16px\">[PREPRINT] <a rel=\"noreferrer noopener\" href=\"https:\/\/www.biorxiv.org\/content\/10.1101\/2022.09.21.508695v1\" data-type=\"URL\" data-id=\"https:\/\/www.biorxiv.org\/content\/10.1101\/2022.09.21.508695v1\" target=\"_blank\"><strong>Under the shadow: Old-biased genes are subject to weak purifying selection at both the tissue and cell type-specific levels<\/strong><\/a><br>Melih Y\u0131ld\u0131z, Hamit \u0130zgi, Firuza Rahimova, Umut Berkay Alt\u0131nta\u015f, Zeliha G\u00f6zde Turan, Mehmet Somel (2022) <em>bioRxiv<\/em> 2022.09.21.508695<\/p>\n\n\n\n<p style=\"font-size:16px\"><a href=\"https:\/\/actaneurocomms.biomedcentral.com\/articles\/10.1186\/s40478-022-01452-2#citeas\"><strong>Spatial and temporal heterogeneity in human mobility patterns in Holocene Southwest Asia and the East Mediterranean<\/strong><\/a><br>Dilek Koptekin, Eren Y\u00fcnc\u00fc, Ricardo Rodr\u00edguez-Varela, N. Ezgi Alt\u0131n\u0131\u015f\u0131k, Nikolaos Psonis,Natalia Kashuba, Sevgi Yorulmaz, Robert George, Duygu Deniz Kazanc\u0131, Damla Kaptan, Kanat G\u00fcr\u00fcn, K\u0131v\u0131lc\u0131m Ba\u015fak Vural, Hasan Can Gemici, Despoina Vassou, Evangelia Daskalaki, Cansu Karamurat, Vendela K. Lagerholm, \u00d6m\u00fcr Dilek Erdal, Emrah K\u0131rd\u00f6k, Aurelio Marangoni, Andreas Schachner, Handan \u00dcst\u00fcnda\u011f, Ramaz Shengelia, Liana Bitadze, Mikheil Elashvili, Eleni Stravopodi, Mihriban \u00d6zba\u015faran, G\u00fcne\u015f Duru, Argyro Nafplioti, C. Brian Rose, Tu\u011fba Gencer, Gareth Darbyshire, Alexander Gavashelishvili, Konstantine Pitskhelauri, \u00d6zlem \u00c7evik, Osman Vuru\u015fkan, Nina Kyparissi-Apostolika, Ali Metin B\u00fcy\u00fckkarakaya, Umay O\u011fuzhano\u011flu, Sevin\u00e7 G\u00fcnel, Eugenia Tabakaki, Akper Aliev, Anar Ibrahimov, Vaqif Shadlinski, Adamantios Sampson, G\u00fcl\u015fah Merve K\u0131l\u0131n\u00e7, \u00c7i\u011fdem Atakuman, Alexandros Stamatakis, Nikos Poulakakis, Y\u0131lmaz Selim Erdal, Pavlos Pavlidis, Jan Stor\u00e5, F\u00fcsun \u00d6zer, Anders G\u00f6therstr\u00f6m, and Mehmet Somel (2022) <em>Current Biology 33<\/em>, 1-17<\/p>\n\n\n\n<p class=\"has-text-align-left\" style=\"font-size:16px\"><a href=\"https:\/\/actaneurocomms.biomedcentral.com\/articles\/10.1186\/s40478-022-01452-2#citeas\"><strong>Somatic copy number variant load in neurons of healthy controls and Alzheimer\u2019s disease patients<\/strong><\/a><br>Zeliha G\u00f6zde Turan, Vincent Richter, Jana Bochmann, Poorya Parvizi, Etka Yapar, Ula\u015f I\u015f\u0131ldak, Sarah-Kristin Waterholter, Sabrina Leclere-Turbant, \u00c7a\u011fda\u015f Devrim Son, Charles Duyckaerts, \u0130dil Yet, Thomas Arendt, Mehmet Somel, Uwe Ueberham (2022) <em>Acta Neuropathologica Communications <\/em>Volume 10, Article number: 175<\/p>\n\n\n\n<p style=\"font-size:16px\"><a rel=\"noreferrer noopener\" href=\"https:\/\/doi.org\/10.7554\/eLife.84343\" target=\"_blank\"><strong>Science and politics: The fight for evolution<\/strong><\/a><br>N. Ezgi Alt\u0131n\u0131\u015f\u0131k (2022) <em>eLife<\/em> 11:e84343<\/p>\n\n\n\n<p style=\"font-size:16px\"><a href=\"https:\/\/www.science.org\/doi\/10.1126\/sciadv.abo3609\"><strong>A genomic snapshot of demographic and cultural dynamism in Upper Mesopotamia during the Neolithic Transition<\/strong><\/a><br>N. Ezgi Alt\u0131n\u0131\u015f\u0131k, Duygu Deniz Kazanc\u0131, Ay\u00e7a Aydo\u011fan, Hasan Can Gemici, \u00d6m\u00fcr Dilek Erdal, Sava\u015f Sar\u0131altun, K\u0131v\u0131lc\u0131m Ba\u015fak Vural, Dilek Koptekin, Kanat G\u00fcr\u00fcn, Ekin Sa\u011fl\u0131can, Daniel Fernandes, G\u00f6khan \u00c7akan, Meliha Melis Koruyucu, Vendela Kempe Lagerholm, Cansu Karamurat, Mustafa \u00d6zkan, G\u00fcl\u015fah Merve K\u0131l\u0131n\u00e7, Arda Sevkar, Elif S\u00fcrer, Anders G\u00f6therstr\u00f6m, \u00c7i\u011fdem Atakuman, Y\u0131lmaz Selim Erdal, F\u00fcsun \u00d6zer, Asl\u0131 Erim \u00d6zdo\u011fan, Mehmet Somel (2022) <em>Science Advances<\/em>, 8:44<\/p>\n\n\n\n<p style=\"font-size:16px\">For publications in other fields,&nbsp;check the <a href=\"https:\/\/compevo.bio.metu.edu.tr\/publications\/\">CompEvo<\/a> page.<\/p>\n","protected":false},"excerpt":{"rendered":"<p>Publications by group members on archaeogenomics and&nbsp;population genetics: [PREPRINT] The first complete genome of the extinct European wild ass (Equus hemionus hydruntinus)Mustafa \u00d6zkan, Kanat G\u00fcr\u00fcn, Eren Y\u00fcnc\u00fc, K\u0131v\u0131lc\u0131m Ba\u015fak Vural, G\u00f6zde Ata\u011f, Ali Akbaba, Fatma Rabia Fidan, Ekin Sa\u011fl\u0131can, N. Ezgi Alt\u0131n\u0131\u015f\u0131k, Dilek Koptekin, Kamilla Paw\u0142owska, Ian Hodder, Sarah E. Adcock, Benjamin S. Arbuckle, Sharon [&hellip;]<\/p>\n","protected":false},"author":4238,"featured_media":0,"parent":0,"menu_order":0,"comment_status":"closed","ping_status":"closed","template":"","meta":{"footnotes":"","_links_to":"","_links_to_target":""},"class_list":["post-202","page","type-page","status-publish","hentry"],"_links":{"self":[{"href":"http:\/\/adna.bio.metu.edu.tr\/en\/wp-json\/wp\/v2\/pages\/202","targetHints":{"allow":["GET"]}}],"collection":[{"href":"http:\/\/adna.bio.metu.edu.tr\/en\/wp-json\/wp\/v2\/pages"}],"about":[{"href":"http:\/\/adna.bio.metu.edu.tr\/en\/wp-json\/wp\/v2\/types\/page"}],"author":[{"embeddable":true,"href":"http:\/\/adna.bio.metu.edu.tr\/en\/wp-json\/wp\/v2\/users\/4238"}],"replies":[{"embeddable":true,"href":"http:\/\/adna.bio.metu.edu.tr\/en\/wp-json\/wp\/v2\/comments?post=202"}],"version-history":[{"count":0,"href":"http:\/\/adna.bio.metu.edu.tr\/en\/wp-json\/wp\/v2\/pages\/202\/revisions"}],"wp:attachment":[{"href":"http:\/\/adna.bio.metu.edu.tr\/en\/wp-json\/wp\/v2\/media?parent=202"}],"curies":[{"name":"wp","href":"https:\/\/api.w.org\/{rel}","templated":true}]}}