{"id":60,"date":"2017-02-08T15:18:51","date_gmt":"2017-02-08T12:18:51","guid":{"rendered":"https:\/\/adna.bio.metu.edu.tr\/?page_id=60\/"},"modified":"2018-04-09T01:05:47","modified_gmt":"2018-04-08T22:05:47","slug":"collaborators","status":"publish","type":"page","link":"http:\/\/adna.bio.metu.edu.tr\/en\/collaborators\/","title":{"rendered":"collaborators"},"content":{"rendered":"<p>Our local long-term collaborators in NEOGENE:<\/p>\n<blockquote><p>\u00c7i\u011fdem Atakuman (METU)<\/p>\n<p>Y\u0131lmaz Selim Erdal (Hacettepe \u00dcni.)<\/p>\n<p>Elif S\u00fcrer (METU)<\/p><\/blockquote>\n<p>International long-term collaborator:<\/p>\n<blockquote><p>Anders G\u00f6therstr\u00f6m (Stockholm Uni.)<\/p><\/blockquote>\n<p>Other collaborators:<\/p>\n<blockquote><p>Mattias Jakobsson (Uppsala Uni.)<\/p>\n<p>Christopher Kn\u00fcsel (Uni. Bordeaux)<\/p>\n<p>Marin Pilloud (Uni. Nevada at Reno)<\/p>\n<p>Cemal Can Bilgin (METU)<\/p>\n<p>Ay\u015feg\u00fcl Birand (METU)<\/p>\n<p>Ali Metin B\u00fcy\u00fckkarakaya (Hacettepe \u00dcni.)<\/p>\n<p>Can Alkan (Bilkent \u00dcni.)<\/p>\n<p>\u00d6mer G\u00f6k\u00e7\u00fcmen (SUNY Buffalo)<\/p>\n<p>Javad Hoseinzadeh (Uni. Kashan)<\/p>\n<p>Evangelia Pi\u015fkin (METU)<\/p>\n<p>Can Yumni G\u00fcndem (Batman)<\/p>\n<p>Andres Aravena (\u0130stanbul \u00dcni.)<\/p>\n<p>Levon Yepiskoposyan (Armenian Nat. Acad. Sci.)<\/p>\n<p>Pavlos Pavlidis (FORTH, Crete)<\/p>\n<p>M\u00fcge \u015eevketo\u011flu (Cyprus International Uni.)<\/p><\/blockquote>\n<p>Excavations we have worked with:<\/p>\n<p>\u00c7atalh\u00f6y\u00fck (Konya)<\/p>\n<blockquote><p>Maciej Chyle\u0144ski (A. M. Uni. Poznan)<\/p>\n<p>Scott Haddow (Stanford Uni.)<\/p>\n<p>Ian Hodder (Stanford Uni.)<\/p>\n<p>Christopher Kn\u00fcsel (Uni. Bordeaux)<\/p>\n<p>Arkadiusz Marciniak (A. M. Uni. Poznan)<\/p>\n<p>Clark Larsen (Ohio State Uni.)<\/p><\/blockquote>\n<p>\u00c7emialo (Batman)<\/p>\n<blockquote><p>Asl\u0131 Erim \u00d6zdo\u011fan (\u00c7anakkale O. M. \u00dcni.)<\/p>\n<p>Yasemin Y\u0131lmaz (D\u00fczce \u00dcni.)<\/p><\/blockquote>\n<p>Boncukluh\u00f6y\u00fck (Konya)<\/p>\n<blockquote><p>Douglas Baird (Uni. Liverpool)<\/p>\n<p>G\u00f6khan Mustafao\u011flu (B. E. Zonguldak \u00dcni.)<\/p>\n<p>Andrew Fairbairn (Uni. Queensland)<\/p><\/blockquote>\n<p>Tepecik-\u00c7iftlik (Ni\u011fde)<\/p>\n<blockquote><p>Erhan B\u0131\u00e7ak\u00e7\u0131 (\u0130stanbul \u00dcni.)<\/p>\n<p>Ali Metin B\u00fcy\u00fckkarakaya (Hacettepe \u00dcni.)<\/p>\n<p>Kameray \u00d6zdemir (Hacettepe \u00dcni.)<\/p><\/blockquote>\n<p>A\u015f\u0131kl\u0131h\u00f6y\u00fck (Aksaray)<\/p>\n<blockquote><p>Mihriban \u00d6zba\u015faran (\u0130stanbul \u00dcni.)<\/p>\n<p>Dilek Erdal (Hacettepe \u00dcni.)<\/p><\/blockquote>\n","protected":false},"excerpt":{"rendered":"<p>Our local long-term collaborators in NEOGENE: \u00c7i\u011fdem Atakuman (METU) Y\u0131lmaz Selim Erdal (Hacettepe \u00dcni.) Elif S\u00fcrer (METU) International long-term collaborator: Anders G\u00f6therstr\u00f6m (Stockholm Uni.) Other collaborators: Mattias Jakobsson (Uppsala Uni.) Christopher Kn\u00fcsel (Uni. Bordeaux) Marin Pilloud (Uni. Nevada at Reno) Cemal Can Bilgin (METU) Ay\u015feg\u00fcl Birand (METU) Ali Metin B\u00fcy\u00fckkarakaya (Hacettepe \u00dcni.) Can Alkan (Bilkent [&hellip;]<\/p>\n","protected":false},"author":4238,"featured_media":0,"parent":0,"menu_order":0,"comment_status":"closed","ping_status":"closed","template":"","meta":{"footnotes":"","_links_to":"","_links_to_target":""},"class_list":["post-60","page","type-page","status-publish","hentry"],"_links":{"self":[{"href":"http:\/\/adna.bio.metu.edu.tr\/en\/wp-json\/wp\/v2\/pages\/60","targetHints":{"allow":["GET"]}}],"collection":[{"href":"http:\/\/adna.bio.metu.edu.tr\/en\/wp-json\/wp\/v2\/pages"}],"about":[{"href":"http:\/\/adna.bio.metu.edu.tr\/en\/wp-json\/wp\/v2\/types\/page"}],"author":[{"embeddable":true,"href":"http:\/\/adna.bio.metu.edu.tr\/en\/wp-json\/wp\/v2\/users\/4238"}],"replies":[{"embeddable":true,"href":"http:\/\/adna.bio.metu.edu.tr\/en\/wp-json\/wp\/v2\/comments?post=60"}],"version-history":[{"count":0,"href":"http:\/\/adna.bio.metu.edu.tr\/en\/wp-json\/wp\/v2\/pages\/60\/revisions"}],"wp:attachment":[{"href":"http:\/\/adna.bio.metu.edu.tr\/en\/wp-json\/wp\/v2\/media?parent=60"}],"curies":[{"name":"wp","href":"https:\/\/api.w.org\/{rel}","templated":true}]}}