{"id":61,"date":"2017-02-08T15:25:08","date_gmt":"2017-02-08T12:25:08","guid":{"rendered":"https:\/\/adna.bio.metu.edu.tr\/?page_id=61\/"},"modified":"2022-03-02T09:54:15","modified_gmt":"2022-03-02T06:54:15","slug":"news","status":"publish","type":"page","link":"http:\/\/adna.bio.metu.edu.tr\/en\/news\/","title":{"rendered":"news"},"content":{"rendered":"<ul>\n<li>2018-04: Our NEOGENE project covered in the <a href=\"http:\/\/kampus.metu.edu.tr\/en\/science\/erc-project-metu-ancient-dna-team-neogene\">METU Campus Magazine<\/a>.<\/li>\n<li>2018-03: Eren leaves for the Czech Rep &#8211; she will be missed<\/li>\n<li>2018-02: Our T\u00dcB\u0130TAK proposal on horse archaeogenetics gets funded &#8211; congrats to F\u00fcsun and Mustafa<\/li>\n<li>2018-02: Dilek attends a pop gen workshop with collaborators in Stockholm<\/li>\n<li>2018-02: \u00c7i\u011fdem &amp; Mehmet give public seminars at <a href=\"http:\/\/www.sem.metu.edu.tr\/das2018\/\">METU DAS<\/a><\/li>\n<li>2018-01: Congrats to Reyhan &#8211; her Iron Age paper is out in <a href=\"https:\/\/onlinelibrary.wiley.com\/doi\/abs\/10.1002\/ajpa.23423\">AJPA<\/a><\/li>\n<li>2017-11: G\u00fcl\u015fah, Dilek and \u00c7i\u011fdem&#8217;s paper is out in <a href=\"http:\/\/rspb.royalsocietypublishing.org\/content\/284\/1867\/20172064.article-info\">Proc Roy B<\/a><\/li>\n<li>2017-10: Another cool Anders visit &#8211; work, fun &amp; a 35k-run in Cappadocia<\/li>\n<li>2017-10: Congrats to Dilek for receiving a Wenner Gren Dissertation Grant<\/li>\n<li>2017-10: Our proposal NEOGENE received ERC Consolidator Support<\/li>\n<li>2017-10: Our <a href=\"https:\/\/www.ncbi.nlm.nih.gov\/pmc\/articles\/PMC5751057\/\">Neanderthal admixture in the ME<\/a> paper with \u00d6zg\u00fcr and \u00d6mer in GBE<\/li>\n<li>2017-09: Dil\u015fad leaves for Oklahoma &#8211; we hope to see her soon<\/li>\n<li>2017-08: Our T\u00dcB\u0130TAK proposal on Neolithic aDNA gets funded<\/li>\n<li>2017-08: Another exciting \u00c7atalh\u00f6y\u00fck visit<\/li>\n<li>2017-07: F\u00fcsun lectures on aDNA\u00a0at <a href=\"https:\/\/twitter.com\/hashtag\/aktoprakl%C4%B1karkeolojiokulu?src=hash\">Aktoprakl\u0131k Archaeology School<\/a><\/li>\n<li>2017-07: <a href=\"https:\/\/eebst17.wordpress.com\/about\/\">EEBST 2017<\/a> &#8211; always fun to meet old colleagues<\/li>\n<li>2017-05: Reyhan &amp; Dilek present their work at the Annual Excavation Results Meeting in Bursa<\/li>\n<li>2017-05: G\u00fcl\u015fah leaves for Anders &#8211; at least won&#8217;t be too far away<\/li>\n<li>2017-04: Dilek and Mehmet present at AAPA in New Orleans<\/li>\n<li>2016-09: We organise the Computational Ecol &amp; Evol summer school with ESEB support<\/li>\n<li>2016-09: Ayshin receives Best Student Poster Award\u00a0at EEBST 2016!<\/li>\n<li>2016-09: Anders joins us for the EEBST 2016<\/li>\n<li>2016-09: Our first <a href=\"http:\/\/dx.doi.org\/10.1016\/j.cub.2016.07.057\">archaeogenomics paper<\/a> out in Curr Biol! And <a href=\"https:\/\/www.sciencedaily.com\/releases\/2016\/08\/160804135901.htm\">also in the press<\/a><\/li>\n<li>2016-08: Visits to Neolithic excavations<\/li>\n<li>2016-07: We&#8217;re happy to host Zohre and Foad coming from Tehran<\/li>\n<\/ul>\n","protected":false},"excerpt":{"rendered":"<p>2018-04: Our NEOGENE project covered in the METU Campus Magazine. 2018-03: Eren leaves for the Czech Rep &#8211; she will be missed 2018-02: Our T\u00dcB\u0130TAK proposal on horse archaeogenetics gets funded &#8211; congrats to F\u00fcsun and Mustafa 2018-02: Dilek attends a pop gen workshop with collaborators in Stockholm 2018-02: \u00c7i\u011fdem &amp; Mehmet give public seminars [&hellip;]<\/p>\n","protected":false},"author":4238,"featured_media":0,"parent":0,"menu_order":0,"comment_status":"closed","ping_status":"closed","template":"","meta":{"footnotes":"","_links_to":"","_links_to_target":""},"class_list":["post-61","page","type-page","status-publish","hentry"],"_links":{"self":[{"href":"http:\/\/adna.bio.metu.edu.tr\/en\/wp-json\/wp\/v2\/pages\/61","targetHints":{"allow":["GET"]}}],"collection":[{"href":"http:\/\/adna.bio.metu.edu.tr\/en\/wp-json\/wp\/v2\/pages"}],"about":[{"href":"http:\/\/adna.bio.metu.edu.tr\/en\/wp-json\/wp\/v2\/types\/page"}],"author":[{"embeddable":true,"href":"http:\/\/adna.bio.metu.edu.tr\/en\/wp-json\/wp\/v2\/users\/4238"}],"replies":[{"embeddable":true,"href":"http:\/\/adna.bio.metu.edu.tr\/en\/wp-json\/wp\/v2\/comments?post=61"}],"version-history":[{"count":0,"href":"http:\/\/adna.bio.metu.edu.tr\/en\/wp-json\/wp\/v2\/pages\/61\/revisions"}],"wp:attachment":[{"href":"http:\/\/adna.bio.metu.edu.tr\/en\/wp-json\/wp\/v2\/media?parent=61"}],"curies":[{"name":"wp","href":"https:\/\/api.w.org\/{rel}","templated":true}]}}