{"id":62,"date":"2017-02-08T15:29:06","date_gmt":"2017-02-08T12:29:06","guid":{"rendered":"https:\/\/adna.bio.metu.edu.tr\/?page_id=62\/"},"modified":"2022-03-01T13:28:48","modified_gmt":"2022-03-01T10:28:48","slug":"people","status":"publish","type":"page","link":"http:\/\/adna.bio.metu.edu.tr\/en\/people\/","title":{"rendered":"lab members"},"content":{"rendered":"<p><img loading=\"lazy\" decoding=\"async\" class=\"alignnone size-medium wp-image-143\" src=\"https:\/\/blog.metu.edu.tr\/adna\/files\/2018\/04\/metu_ancient_dna-300x200.jpg\" alt=\"\" width=\"300\" height=\"200\" srcset=\"http:\/\/blog.metu.edu.tr\/adna\/files\/2018\/04\/metu_ancient_dna-300x200.jpg 300w, http:\/\/blog.metu.edu.tr\/adna\/files\/2018\/04\/metu_ancient_dna-272x182.jpg 272w, http:\/\/blog.metu.edu.tr\/adna\/files\/2018\/04\/metu_ancient_dna.jpg 480w\" sizes=\"auto, (max-width: 300px) 100vw, 300px\" \/><\/p>\n<p>METU aDNA &amp; Pop Gen Lab &#8211; 2016<\/p>\n<p><strong>Current members<\/strong><\/p>\n<blockquote><p>\u0130nci Togan (Lab founder &amp; emeritus professor)<\/p>\n<p>F\u00fcsun \u00d6zer (PI)<\/p>\n<p>Eren Y\u00fcnc\u00fc (Postdoc)<\/p>\n<p>Reyhan Yaka (PhD student)<\/p>\n<p>Ali Akbaba\u00a0(PhD student)<\/p>\n<p><a href=\"http:\/\/bio.metu.edu.tr\/en\/faculty\/mehmet-somel\">Mehmet Somel (PI)<\/a><\/p>\n<p>Mustafa \u00d6zkan\u00a0(PhD student)<\/p>\n<p>Dilek Koptekin (PhD student)<\/p>\n<p>Ayshin Ghalichi (PhD student)<\/p>\n<p>Arev Pelin S\u00fcmer (Undergrad)<\/p>\n<p>Duha Alio\u011flu\u00a0 (MSc student)<\/p>\n<p>Evrim Fer\u00a0\u00a0(MSc student)<\/p>\n<p>Sevgi Yorulmaz\u00a0(MSc student)<\/p>\n<p>Erin\u00e7 Yurtman\u00a0\u00a0(MSc student)<\/p>\n<p>Mehmet \u00c7etin (Postdoc)<\/p><\/blockquote>\n<p><strong>Alumni<\/strong><\/p>\n<blockquote><p>Sinan Can A\u00e7an<\/p>\n<p>Nihan Dil\u015fad Da\u011fta\u015f<\/p>\n<p>G\u00fcl\u015fah Merve K\u0131l\u0131n\u00e7 (Postdoc at Stockholm)<\/p>\n<p>Onur \u00d6zer (PhD student in Plon)<\/p>\n<p>Handan Melike D\u00f6nerta\u015f\u00a0(PhD student in EBI)<\/p><\/blockquote>\n","protected":false},"excerpt":{"rendered":"<p>METU aDNA &amp; Pop Gen Lab &#8211; 2016 Current members \u0130nci Togan (Lab founder &amp; emeritus professor) F\u00fcsun \u00d6zer (PI) Eren Y\u00fcnc\u00fc (Postdoc) Reyhan Yaka (PhD student) Ali Akbaba\u00a0(PhD student) Mehmet Somel (PI) Mustafa \u00d6zkan\u00a0(PhD student) Dilek Koptekin (PhD student) Ayshin Ghalichi (PhD student) Arev Pelin S\u00fcmer (Undergrad) Duha Alio\u011flu\u00a0 (MSc student) Evrim Fer\u00a0\u00a0(MSc student) [&hellip;]<\/p>\n","protected":false},"author":4238,"featured_media":0,"parent":0,"menu_order":0,"comment_status":"closed","ping_status":"closed","template":"","meta":{"footnotes":"","_links_to":"","_links_to_target":""},"class_list":["post-62","page","type-page","status-publish","hentry"],"_links":{"self":[{"href":"http:\/\/adna.bio.metu.edu.tr\/en\/wp-json\/wp\/v2\/pages\/62","targetHints":{"allow":["GET"]}}],"collection":[{"href":"http:\/\/adna.bio.metu.edu.tr\/en\/wp-json\/wp\/v2\/pages"}],"about":[{"href":"http:\/\/adna.bio.metu.edu.tr\/en\/wp-json\/wp\/v2\/types\/page"}],"author":[{"embeddable":true,"href":"http:\/\/adna.bio.metu.edu.tr\/en\/wp-json\/wp\/v2\/users\/4238"}],"replies":[{"embeddable":true,"href":"http:\/\/adna.bio.metu.edu.tr\/en\/wp-json\/wp\/v2\/comments?post=62"}],"version-history":[{"count":0,"href":"http:\/\/adna.bio.metu.edu.tr\/en\/wp-json\/wp\/v2\/pages\/62\/revisions"}],"wp:attachment":[{"href":"http:\/\/adna.bio.metu.edu.tr\/en\/wp-json\/wp\/v2\/media?parent=62"}],"curies":[{"name":"wp","href":"https:\/\/api.w.org\/{rel}","templated":true}]}}